{"id":533,"date":"2023-12-04T00:01:39","date_gmt":"2023-12-03T22:01:39","guid":{"rendered":"https:\/\/cabinet-psihologie-constanta.net\/?page_id=533"},"modified":"2024-11-12T12:20:31","modified_gmt":"2024-11-12T10:20:31","slug":"termeni-si-conditii","status":"publish","type":"page","link":"https:\/\/cabinet-psihologie-constanta.net\/en\/termeni-si-conditii\/","title":{"rendered":"Terms and Conditions"},"content":{"rendered":"<div class=\"section-wrapper\" data-id=\"HcYxPa\"><section class=\"wp-block-gutenverse-section guten-element guten-section guten-HcYxPa layout-boxed align-stretch\"><div class=\"guten-container guten-column-gap-default\">\n<div class=\"wp-block-gutenverse-column guten-element guten-column guten-hR5Iq6\"><div class=\"guten-column-wrapper\" data-id=\"hR5Iq6\">\n<p>Bun venit pe <a href=\"https:\/\/cabinet-psihologie-constanta.net\/en\/\" title=\"www.cabinet-psihologie-constanta.net\">www.cabinet-psihologie-constanta.net<\/a>, site-ul web al Tudoran Diana &#8211; Cabinet Individual de Psihologie. Utilizarea acestui site implic\u0103 acceptarea urm\u0103toarelor termeni \u0219i condi\u021bii:<\/p>\n\n\n\n<h3 class=\"wp-block-heading\" style=\"font-style:normal;font-weight:500\">Informa\u021bii legale<\/h3>\n\n\n\n<p>a. Proprietarul site-ului: Acest site este de\u021binut \u0219i operat de Tudoran Diana &#8211; Cabinet Individual de Psihologie, cu sediul \u00een Constan\u021ba, Rom\u00e2nia. Pentru orice \u00eentreb\u0103ri sau informa\u021bii, ne po\u021bi contacta la adresa de email: <a href=\"mailto:contact@cabinet-psihologie-constanta.net\">contact@cabinet-psihologie-constanta.net<\/a>.<\/p>\n\n\n\n<p>b. Drepturile de autor: Toate drepturile de autor \u0219i alte drepturi de proprietate intelectual\u0103 asupra con\u021binutului acestui site, inclusiv textele, grafica, imaginile \u0219i alte materiale, sunt de\u021binute de Pascu-Tudoran Diana &#8211; Cabinet Individual de Psihologie sau de alte entit\u0103\u021bi corespunz\u0103toare. Orice utilizare neautorizat\u0103 a acestor materiale este interzis\u0103.<\/p>\n\n\n\n<h3 class=\"wp-block-heading\" style=\"font-style:normal;font-weight:500\">Confiden\u021bialitate \u0219i date personale<\/h3>\n\n\n\n<p>a. Politica de confiden\u021bialitate: Prin utilizarea acestui site, e\u0219ti de acord cu politica noastr\u0103 de confiden\u021bialitate. Colect\u0103m \u0219i prelucr\u0103m datele personale \u00een conformitate cu prevederile GDPR. Pentru mai multe informa\u021bii despre cum colect\u0103m \u0219i prelucr\u0103m datele tale, te rug\u0103m s\u0103 consul\u021bi <a href=\"https:\/\/cabinet-psihologie-constanta.net\/en\/politica-de-confidentialitate\/\" title=\"Privacy Policy\">Politica noastr\u0103 de confiden\u021bialitate<\/a>.<\/p>\n\n\n\n<p>b. Cookies: Acest site utilizeaz\u0103 cookie-uri pentru a \u00eembun\u0103t\u0103\u021bi experien\u021ba utilizatorilor. Prin continuarea utiliz\u0103rii site-ului, e\u0219ti de acord cu utilizarea cookie-urilor conform Politicii noastre privind cookie-urile.<\/p>\n\n\n\n<h3 class=\"wp-block-heading\" style=\"font-style:normal;font-weight:500\">Responsabilitate \u0219i utilizare a informa\u021biilor<\/h3>\n\n\n\n<p>a. Responsabilitatea utilizatorului: Utilizarea acestui site este pe propria r\u0103spundere. Nu ne asum\u0103m responsabilitatea pentru orice pierderi sau daune rezultate din utilizarea informa\u021biilor sau con\u021binutului disponibil pe acest site.<\/p>\n\n\n\n<p>b. Actualiz\u0103ri \u0219i modific\u0103ri: Ne rezerv\u0103m dreptul de a actualiza sau modifica ace\u0219ti termeni \u0219i condi\u021bii f\u0103r\u0103 notificare prealabil\u0103. Orice modific\u0103ri vor fi publicate pe aceast\u0103 pagin\u0103.<\/p>\n\n\n\n<h3 class=\"wp-block-heading\" style=\"font-style:normal;font-weight:500\">Drepturile utilizatorilor<\/h3>\n\n\n\n<p>Utilizatorii acestui site au drepturi conforme cu prevederile GDPR, inclusiv dreptul la accesul la date, dreptul la rectificare, \u0219tergere, restric\u021bionare sau portabilitatea datelor personale.<\/p>\n\n\n\n<h3 class=\"wp-block-heading\" style=\"font-style:normal;font-weight:500\">Acordul complet<\/h3>\n\n\n\n<p>Prin utilizarea acestui site, confirmi c\u0103 e\u0219ti de acord \u0219i c\u0103 vei respecta ace\u0219ti termeni \u0219i condi\u021bii. \u00ce\u021bi recomand\u0103m s\u0103 consul\u021bi periodic aceast\u0103 pagin\u0103 pentru a fi la curent cu eventualele modific\u0103ri sau actualiz\u0103ri.<\/p>\n\n\n\n<p>Pentru \u00eentreb\u0103ri suplimentare sau informa\u021bii, te rug\u0103m s\u0103 ne contactezi la adresa de email: <a href=\"mailto:contact@cabinet-psihologie-constanta.net\">contact@cabinet-psihologie-constanta.net<\/a>.<\/p>\n<\/div><\/div>\n<\/div><\/section><\/div>","protected":false},"excerpt":{"rendered":"","protected":false},"author":3,"featured_media":0,"parent":0,"menu_order":0,"comment_status":"closed","ping_status":"closed","template":"","meta":{"om_disable_all_campaigns":false,"_monsterinsights_skip_tracking":false,"_monsterinsights_sitenote_active":false,"_monsterinsights_sitenote_note":"","_monsterinsights_sitenote_category":0,"footnotes":""},"class_list":["post-533","page","type-page","status-publish","hentry"],"aioseo_notices":[],"_links":{"self":[{"href":"https:\/\/cabinet-psihologie-constanta.net\/en\/wp-json\/wp\/v2\/pages\/533"}],"collection":[{"href":"https:\/\/cabinet-psihologie-constanta.net\/en\/wp-json\/wp\/v2\/pages"}],"about":[{"href":"https:\/\/cabinet-psihologie-constanta.net\/en\/wp-json\/wp\/v2\/types\/page"}],"author":[{"embeddable":true,"href":"https:\/\/cabinet-psihologie-constanta.net\/en\/wp-json\/wp\/v2\/users\/3"}],"replies":[{"embeddable":true,"href":"https:\/\/cabinet-psihologie-constanta.net\/en\/wp-json\/wp\/v2\/comments?post=533"}],"version-history":[{"count":7,"href":"https:\/\/cabinet-psihologie-constanta.net\/en\/wp-json\/wp\/v2\/pages\/533\/revisions"}],"predecessor-version":[{"id":665,"href":"https:\/\/cabinet-psihologie-constanta.net\/en\/wp-json\/wp\/v2\/pages\/533\/revisions\/665"}],"wp:attachment":[{"href":"https:\/\/cabinet-psihologie-constanta.net\/en\/wp-json\/wp\/v2\/media?parent=533"}],"curies":[{"name":"wp","href":"https:\/\/api.w.org\/{rel}","templated":true}]}}